{"id":423,"date":"2022-01-19T11:06:49","date_gmt":"2022-01-19T10:06:49","guid":{"rendered":"http:\/\/transvisa.es\/quienes-somos\/"},"modified":"2022-01-19T11:06:49","modified_gmt":"2022-01-19T10:06:49","slug":"quienes-somos","status":"publish","type":"page","link":"https:\/\/transvisa.es\/es\/quienes-somos\/","title":{"rendered":"Quienes somos"},"content":{"rendered":"\t\t<div data-elementor-type=\"wp-page\" data-elementor-id=\"423\" class=\"elementor elementor-423 elementor-43\" data-elementor-post-type=\"page\">\n\t\t\t\t\t\t<section class=\"elementor-section elementor-top-section elementor-element elementor-element-e44c411 elementor-section-height-min-height elementor-section-boxed elementor-section-height-default elementor-section-items-middle\" data-id=\"e44c411\" data-element_type=\"section\" data-settings=\"{&quot;background_background&quot;:&quot;classic&quot;}\">\n\t\t\t\t\t\t\t<div class=\"elementor-background-overlay\"><\/div>\n\t\t\t\t\t\t\t<div class=\"elementor-container elementor-column-gap-default\">\n\t\t\t\t\t<div class=\"elementor-column elementor-col-100 elementor-top-column elementor-element elementor-element-f4095d1\" data-id=\"f4095d1\" data-element_type=\"column\">\n\t\t\t<div class=\"elementor-widget-wrap elementor-element-populated\">\n\t\t\t\t\t\t<div class=\"elementor-element elementor-element-27b5009 elementor-widget elementor-widget-heading\" data-id=\"27b5009\" data-element_type=\"widget\" data-widget_type=\"heading.default\">\n\t\t\t\t<div class=\"elementor-widget-container\">\n\t\t\t<style>\/*! elementor - v3.21.0 - 20-05-2024 *\/\n.elementor-heading-title{padding:0;margin:0;line-height:1}.elementor-widget-heading .elementor-heading-title[class*=elementor-size-]>a{color:inherit;font-size:inherit;line-height:inherit}.elementor-widget-heading .elementor-heading-title.elementor-size-small{font-size:15px}.elementor-widget-heading .elementor-heading-title.elementor-size-medium{font-size:19px}.elementor-widget-heading .elementor-heading-title.elementor-size-large{font-size:29px}.elementor-widget-heading .elementor-heading-title.elementor-size-xl{font-size:39px}.elementor-widget-heading .elementor-heading-title.elementor-size-xxl{font-size:59px}<\/style><h2 class=\"elementor-heading-title elementor-size-default\">Quienes somos<\/h2>\t\t<\/div>\n\t\t\t\t<\/div>\n\t\t\t\t\t<\/div>\n\t\t<\/div>\n\t\t\t\t\t<\/div>\n\t\t<\/section>\n\t\t\t\t<section class=\"elementor-section elementor-top-section elementor-element elementor-element-0ccf243 elementor-hidden-desktop elementor-hidden-tablet elementor-section-boxed elementor-section-height-default elementor-section-height-default\" data-id=\"0ccf243\" data-element_type=\"section\">\n\t\t\t\t\t\t<div class=\"elementor-container elementor-column-gap-default\">\n\t\t\t\t\t<div class=\"elementor-column elementor-col-100 elementor-top-column elementor-element elementor-element-f93ea91\" data-id=\"f93ea91\" data-element_type=\"column\">\n\t\t\t<div class=\"elementor-widget-wrap elementor-element-populated\">\n\t\t\t\t\t\t<div class=\"elementor-element elementor-element-0581998 elementor-widget elementor-widget-heading\" data-id=\"0581998\" data-element_type=\"widget\" data-widget_type=\"heading.default\">\n\t\t\t\t<div class=\"elementor-widget-container\">\n\t\t\t<h2 class=\"elementor-heading-title elementor-size-default\">Pasado<\/h2>\t\t<\/div>\n\t\t\t\t<\/div>\n\t\t\t\t<div class=\"elementor-element elementor-element-1fb0dd7 elementor-widget elementor-widget-image\" data-id=\"1fb0dd7\" data-element_type=\"widget\" data-widget_type=\"image.default\">\n\t\t\t\t<div class=\"elementor-widget-container\">\n\t\t\t<style>\/*! elementor - v3.21.0 - 20-05-2024 *\/\n.elementor-widget-image{text-align:center}.elementor-widget-image a{display:inline-block}.elementor-widget-image a img[src$=\".svg\"]{width:48px}.elementor-widget-image img{vertical-align:middle;display:inline-block}<\/style>\t\t\t\t\t\t\t\t\t\t<img fetchpriority=\"high\" decoding=\"async\" width=\"736\" height=\"450\" src=\"https:\/\/transvisa.es\/wp-content\/uploads\/2021\/11\/imagenHome.jpg\" class=\"attachment-large size-large wp-image-9\" alt=\"\" srcset=\"https:\/\/transvisa.es\/wp-content\/uploads\/2021\/11\/imagenHome.jpg 736w, https:\/\/transvisa.es\/wp-content\/uploads\/2021\/11\/imagenHome-300x183.jpg 300w\" sizes=\"(max-width: 736px) 100vw, 736px\" \/>\t\t\t\t\t\t\t\t\t\t\t\t\t<\/div>\n\t\t\t\t<\/div>\n\t\t\t\t<div class=\"elementor-element elementor-element-80f4252 elementor-widget elementor-widget-text-editor\" data-id=\"80f4252\" data-element_type=\"widget\" data-widget_type=\"text-editor.default\">\n\t\t\t\t<div class=\"elementor-widget-container\">\n\t\t\t<style>\/*! elementor - v3.21.0 - 20-05-2024 *\/\n.elementor-widget-text-editor.elementor-drop-cap-view-stacked .elementor-drop-cap{background-color:#69727d;color:#fff}.elementor-widget-text-editor.elementor-drop-cap-view-framed .elementor-drop-cap{color:#69727d;border:3px solid;background-color:transparent}.elementor-widget-text-editor:not(.elementor-drop-cap-view-default) .elementor-drop-cap{margin-top:8px}.elementor-widget-text-editor:not(.elementor-drop-cap-view-default) .elementor-drop-cap-letter{width:1em;height:1em}.elementor-widget-text-editor .elementor-drop-cap{float:left;text-align:center;line-height:1;font-size:50px}.elementor-widget-text-editor .elementor-drop-cap-letter{display:inline-block}<\/style>\t\t\t\t<p>TRANS-VISA naci\u00f3 en los alrededores de 1960 como consecuencia de la fusi\u00f3n de dos empresas vinculadas al transporte: Transportes Vizcarra, existente desde los a\u00f1os 20 y especializada en el servicio de transporte por ferrocarril, y Transportes Bartomeu Sala, que hac\u00eda transportes por carretera. Es de esta fusi\u00f3n de donde proviene el nombre actual de nuestra compa\u00f1\u00eda, de Vizcarra y Sala.<\/p>\n<p>Ellos dos adquirieron una empresa de transporte ya existente, llamada Transportes Luciano, la que se dedicaba haciendo encargos con mulas y carros de carga, ubicada en el centro de Igualada.<\/p>\n<p>La compa\u00f1\u00eda empez\u00f3 a crecer gracias al sector de la piel, pues, las curtidur\u00edas de Igualada fabricaban el 80% de la piel del mercado nacional y, posteriormente, nuestra demanda se ampli\u00f3 con el sector qu\u00edmico, textil y metal\u00fargico de la misma ciudad, vi\u00e9ndonos obligados a abrir una delegaci\u00f3n en Barcelona para ofrecer un mejor servicio a nuestros clientes.<\/p>\n\t\t\t\t\t\t<\/div>\n\t\t\t\t<\/div>\n\t\t\t\t\t<\/div>\n\t\t<\/div>\n\t\t\t\t\t<\/div>\n\t\t<\/section>\n\t\t\t\t<section class=\"elementor-section elementor-top-section elementor-element elementor-element-e66de8e elementor-reverse-mobile elementor-hidden-desktop elementor-hidden-tablet elementor-section-boxed elementor-section-height-default elementor-section-height-default\" data-id=\"e66de8e\" data-element_type=\"section\">\n\t\t\t\t\t\t<div class=\"elementor-container elementor-column-gap-default\">\n\t\t\t\t\t<div class=\"elementor-column elementor-col-100 elementor-top-column elementor-element elementor-element-4325078\" data-id=\"4325078\" data-element_type=\"column\">\n\t\t\t<div class=\"elementor-widget-wrap elementor-element-populated\">\n\t\t\t\t\t\t<div class=\"elementor-element elementor-element-e80b9b0 elementor-widget elementor-widget-heading\" data-id=\"e80b9b0\" data-element_type=\"widget\" data-widget_type=\"heading.default\">\n\t\t\t\t<div class=\"elementor-widget-container\">\n\t\t\t<h2 class=\"elementor-heading-title elementor-size-default\">Presente<\/h2>\t\t<\/div>\n\t\t\t\t<\/div>\n\t\t\t\t<div class=\"elementor-element elementor-element-91b0dd0 elementor-widget elementor-widget-image\" data-id=\"91b0dd0\" data-element_type=\"widget\" data-widget_type=\"image.default\">\n\t\t\t\t<div class=\"elementor-widget-container\">\n\t\t\t\t\t\t\t\t\t\t\t\t\t<img decoding=\"async\" width=\"1024\" height=\"768\" src=\"https:\/\/transvisa.es\/wp-content\/uploads\/2022\/01\/IMG-20220105-WA0071-1024x768.jpg\" class=\"attachment-large size-large wp-image-131\" alt=\"\" srcset=\"https:\/\/transvisa.es\/wp-content\/uploads\/2022\/01\/IMG-20220105-WA0071-1024x768.jpg 1024w, https:\/\/transvisa.es\/wp-content\/uploads\/2022\/01\/IMG-20220105-WA0071-300x225.jpg 300w, https:\/\/transvisa.es\/wp-content\/uploads\/2022\/01\/IMG-20220105-WA0071-768x576.jpg 768w, https:\/\/transvisa.es\/wp-content\/uploads\/2022\/01\/IMG-20220105-WA0071-1536x1152.jpg 1536w, https:\/\/transvisa.es\/wp-content\/uploads\/2022\/01\/IMG-20220105-WA0071.jpg 2048w\" sizes=\"(max-width: 1024px) 100vw, 1024px\" \/>\t\t\t\t\t\t\t\t\t\t\t\t\t<\/div>\n\t\t\t\t<\/div>\n\t\t\t\t<div class=\"elementor-element elementor-element-4bf0cfc elementor-widget elementor-widget-text-editor\" data-id=\"4bf0cfc\" data-element_type=\"widget\" data-widget_type=\"text-editor.default\">\n\t\t\t\t<div class=\"elementor-widget-container\">\n\t\t\t\t\t\t\t<p>Actualmente estamos situados en el Pol\u00edgono Industrial de Igualada, con unas instalaciones modernas y mecanizadas con muelles el\u00e9ctricos de carga y descarga. Ofrecemos un servicio especializado de transporte de carga fraccionada y carga completa en toda Catalu\u00f1a, mercanc\u00edas ADR (materias peligrosas) y carga completa en Espa\u00f1a.<\/p>\n<p>Tenemos convenios con los mejores operadores log\u00edsticos y transitarios, tanto terrestres, mar\u00edtimos y a\u00e9reos, para ofrecer a nuestros clientes las opciones m\u00e1s \u00f3ptimas y rentables con plazos de entrega garantizados.<\/p>\n<p>Disponemos de una flota propia que consta de trailers con caja (24 toneladas \u00fatiles), veh\u00edculos de 3 ejes (15 toneladas \u00fatiles), veh\u00edculos de 2 ejes (8 toneladas \u00fatiles), veh\u00edculos ligeros, furgonetas, y camiones con plataforma. Todos con una media de edad que no supera los 6 a\u00f1os.<\/p>\n\t\t\t\t\t\t<\/div>\n\t\t\t\t<\/div>\n\t\t\t\t\t<\/div>\n\t\t<\/div>\n\t\t\t\t\t<\/div>\n\t\t<\/section>\n\t\t\t\t<section class=\"elementor-section elementor-top-section elementor-element elementor-element-0bffb5b elementor-hidden-desktop elementor-hidden-tablet elementor-section-boxed elementor-section-height-default elementor-section-height-default\" data-id=\"0bffb5b\" data-element_type=\"section\">\n\t\t\t\t\t\t<div class=\"elementor-container elementor-column-gap-default\">\n\t\t\t\t\t<div class=\"elementor-column elementor-col-100 elementor-top-column elementor-element elementor-element-c6bd5aa\" data-id=\"c6bd5aa\" data-element_type=\"column\">\n\t\t\t<div class=\"elementor-widget-wrap elementor-element-populated\">\n\t\t\t\t\t\t<div class=\"elementor-element elementor-element-4231711 elementor-widget elementor-widget-heading\" data-id=\"4231711\" data-element_type=\"widget\" data-widget_type=\"heading.default\">\n\t\t\t\t<div class=\"elementor-widget-container\">\n\t\t\t<h2 class=\"elementor-heading-title elementor-size-default\">Futuro<\/h2>\t\t<\/div>\n\t\t\t\t<\/div>\n\t\t\t\t<div class=\"elementor-element elementor-element-98ea987 elementor-widget elementor-widget-image\" data-id=\"98ea987\" data-element_type=\"widget\" data-widget_type=\"image.default\">\n\t\t\t\t<div class=\"elementor-widget-container\">\n\t\t\t\t\t\t\t\t\t\t\t\t\t<img decoding=\"async\" width=\"1024\" height=\"768\" src=\"https:\/\/transvisa.es\/wp-content\/uploads\/2022\/01\/IMG-20220105-WA0062-1024x768.jpg\" class=\"attachment-large size-large wp-image-130\" alt=\"\" srcset=\"https:\/\/transvisa.es\/wp-content\/uploads\/2022\/01\/IMG-20220105-WA0062-1024x768.jpg 1024w, https:\/\/transvisa.es\/wp-content\/uploads\/2022\/01\/IMG-20220105-WA0062-300x225.jpg 300w, https:\/\/transvisa.es\/wp-content\/uploads\/2022\/01\/IMG-20220105-WA0062-768x576.jpg 768w, https:\/\/transvisa.es\/wp-content\/uploads\/2022\/01\/IMG-20220105-WA0062-1536x1152.jpg 1536w, https:\/\/transvisa.es\/wp-content\/uploads\/2022\/01\/IMG-20220105-WA0062.jpg 2048w\" sizes=\"(max-width: 1024px) 100vw, 1024px\" \/>\t\t\t\t\t\t\t\t\t\t\t\t\t<\/div>\n\t\t\t\t<\/div>\n\t\t\t\t<div class=\"elementor-element elementor-element-9e9fbe3 elementor-widget elementor-widget-text-editor\" data-id=\"9e9fbe3\" data-element_type=\"widget\" data-widget_type=\"text-editor.default\">\n\t\t\t\t<div class=\"elementor-widget-container\">\n\t\t\t\t\t\t\t<p>\u00daltimamente hemos invertido en la adquisici\u00f3n de terrenos industriales en la comarca de la Anoia, donde en un futuro ofreceremos soluciones y servicios adaptables a cada momento a nuestros clientes.<\/p>\n<p>En un mundo cambiante, din\u00e1mico y globalizado, las empresas de servicios somos las primeras que debemos adaptarnos a los cambios y cumplir con las demandas de nuestros clientes.<\/p>\n<p>Una perfecta simbiosis que asegura la perdurabilidad y rentabilidad tanto del cliente como el de TRANS-VISA, y la satisfacci\u00f3n de una entrega a destino en condiciones y con los plazos acordados.<\/p>\n<p>Para nosotros es un reto conseguir mantener a nuestros clientes, de esta manera nuestra empresa ha perdurado, y seguimos trabajando despu\u00e9s de casi 70 a\u00f1os.<\/p>\n\t\t\t\t\t\t<\/div>\n\t\t\t\t<\/div>\n\t\t\t\t\t<\/div>\n\t\t<\/div>\n\t\t\t\t\t<\/div>\n\t\t<\/section>\n\t\t\t\t<section class=\"elementor-section elementor-top-section elementor-element elementor-element-1c392d8 elementor-hidden-mobile elementor-section-boxed elementor-section-height-default elementor-section-height-default\" data-id=\"1c392d8\" data-element_type=\"section\">\n\t\t\t\t\t\t<div class=\"elementor-container elementor-column-gap-default\">\n\t\t\t\t\t<div class=\"elementor-column elementor-col-50 elementor-top-column elementor-element elementor-element-f782f16 elementor-hidden-mobile\" data-id=\"f782f16\" data-element_type=\"column\" data-settings=\"{&quot;background_background&quot;:&quot;classic&quot;}\">\n\t\t\t<div class=\"elementor-widget-wrap\">\n\t\t\t\t\t\t\t<\/div>\n\t\t<\/div>\n\t\t\t\t<div class=\"elementor-column elementor-col-50 elementor-top-column elementor-element elementor-element-c6c07e5\" data-id=\"c6c07e5\" data-element_type=\"column\">\n\t\t\t<div class=\"elementor-widget-wrap elementor-element-populated\">\n\t\t\t\t\t\t<div class=\"elementor-element elementor-element-2803f23 elementor-widget elementor-widget-heading\" data-id=\"2803f23\" data-element_type=\"widget\" data-widget_type=\"heading.default\">\n\t\t\t\t<div class=\"elementor-widget-container\">\n\t\t\t<h2 class=\"elementor-heading-title elementor-size-default\">Pasado<\/h2>\t\t<\/div>\n\t\t\t\t<\/div>\n\t\t\t\t<div class=\"elementor-element elementor-element-5f48376 elementor-widget elementor-widget-text-editor\" data-id=\"5f48376\" data-element_type=\"widget\" data-widget_type=\"text-editor.default\">\n\t\t\t\t<div class=\"elementor-widget-container\">\n\t\t\t\t\t\t\t<p>TRANS-VISA naci\u00f3 en los alrededores de 1960 como consecuencia de la fusi\u00f3n de dos empresas vinculadas al transporte: Transportes Vizcarra, existente desde los a\u00f1os 20 y especializada en el servicio de transporte por ferrocarril, y Transportes Bartomeu Sala, que hac\u00eda transportes por carretera. Es de esta fusi\u00f3n de donde proviene el nombre actual de nuestra compa\u00f1\u00eda, de Vizcarra y Sala.<\/p>\n<p>Ellos dos adquirieron una empresa de transporte ya existente, llamada Transportes Luciano, la que se dedicaba haciendo encargos con mulas y carros de carga, ubicada en el centro de Igualada.<\/p>\n<p>La compa\u00f1\u00eda empez\u00f3 a crecer gracias al sector de la piel, pues, las curtidur\u00edas de Igualada fabricaban el 80% de la piel del mercado nacional y, posteriormente, nuestra demanda se ampli\u00f3 con el sector qu\u00edmico, textil y metal\u00fargico de la misma ciudad, vi\u00e9ndonos obligados a abrir una delegaci\u00f3n en Barcelona para ofrecer un mejor servicio a nuestros clientes.<\/p>\n\t\t\t\t\t\t<\/div>\n\t\t\t\t<\/div>\n\t\t\t\t\t<\/div>\n\t\t<\/div>\n\t\t\t\t\t<\/div>\n\t\t<\/section>\n\t\t\t\t<section class=\"elementor-section elementor-top-section elementor-element elementor-element-786e3bf elementor-reverse-mobile elementor-hidden-mobile elementor-section-boxed elementor-section-height-default elementor-section-height-default\" data-id=\"786e3bf\" data-element_type=\"section\">\n\t\t\t\t\t\t<div class=\"elementor-container elementor-column-gap-default\">\n\t\t\t\t\t<div class=\"elementor-column elementor-col-50 elementor-top-column elementor-element elementor-element-4da2566\" data-id=\"4da2566\" data-element_type=\"column\">\n\t\t\t<div class=\"elementor-widget-wrap elementor-element-populated\">\n\t\t\t\t\t\t<div class=\"elementor-element elementor-element-93bca94 elementor-widget elementor-widget-heading\" data-id=\"93bca94\" data-element_type=\"widget\" data-widget_type=\"heading.default\">\n\t\t\t\t<div class=\"elementor-widget-container\">\n\t\t\t<h2 class=\"elementor-heading-title elementor-size-default\">Presente<\/h2>\t\t<\/div>\n\t\t\t\t<\/div>\n\t\t\t\t<div class=\"elementor-element elementor-element-f0db3c5 elementor-widget elementor-widget-text-editor\" data-id=\"f0db3c5\" data-element_type=\"widget\" data-widget_type=\"text-editor.default\">\n\t\t\t\t<div class=\"elementor-widget-container\">\n\t\t\t\t\t\t\t<p>Actualmente estamos situados en el Pol\u00edgono Industrial de Igualada, con unas instalaciones modernas y mecanizadas con muelles el\u00e9ctricos de carga y descarga. Ofrecemos un servicio especializado de transporte de carga fraccionada y carga completa en toda Catalu\u00f1a, mercanc\u00edas ADR (materias peligrosas) y carga completa en Espa\u00f1a.<\/p>\n<p>Tenemos convenios con los mejores operadores log\u00edsticos y transitarios, tanto terrestres, mar\u00edtimos y a\u00e9reos, para ofrecer a nuestros clientes las opciones m\u00e1s \u00f3ptimas y rentables con plazos de entrega garantizados.<\/p>\n<p>Disponemos de una flota propia que consta de trailers con caja (24 toneladas \u00fatiles), veh\u00edculos de 3 ejes (15 toneladas \u00fatiles), veh\u00edculos de 2 ejes (8 toneladas \u00fatiles), veh\u00edculos ligeros, furgonetas, y camiones con plataforma. Todos con una media de edad que no supera los 6 a\u00f1os.<\/p>\n\t\t\t\t\t\t<\/div>\n\t\t\t\t<\/div>\n\t\t\t\t\t<\/div>\n\t\t<\/div>\n\t\t\t\t<div class=\"elementor-column elementor-col-50 elementor-top-column elementor-element elementor-element-0295d6c\" data-id=\"0295d6c\" data-element_type=\"column\" data-settings=\"{&quot;background_background&quot;:&quot;classic&quot;}\">\n\t\t\t<div class=\"elementor-widget-wrap\">\n\t\t\t\t\t\t\t<\/div>\n\t\t<\/div>\n\t\t\t\t\t<\/div>\n\t\t<\/section>\n\t\t\t\t<section class=\"elementor-section elementor-top-section elementor-element elementor-element-b83b4e8 elementor-hidden-mobile elementor-section-boxed elementor-section-height-default elementor-section-height-default\" data-id=\"b83b4e8\" data-element_type=\"section\">\n\t\t\t\t\t\t<div class=\"elementor-container elementor-column-gap-default\">\n\t\t\t\t\t<div class=\"elementor-column elementor-col-50 elementor-top-column elementor-element elementor-element-613e6a8\" data-id=\"613e6a8\" data-element_type=\"column\" data-settings=\"{&quot;background_background&quot;:&quot;classic&quot;}\">\n\t\t\t<div class=\"elementor-widget-wrap\">\n\t\t\t\t\t\t\t<\/div>\n\t\t<\/div>\n\t\t\t\t<div class=\"elementor-column elementor-col-50 elementor-top-column elementor-element elementor-element-98cfee8\" data-id=\"98cfee8\" data-element_type=\"column\">\n\t\t\t<div class=\"elementor-widget-wrap elementor-element-populated\">\n\t\t\t\t\t\t<div class=\"elementor-element elementor-element-67a8253 elementor-widget elementor-widget-heading\" data-id=\"67a8253\" data-element_type=\"widget\" data-widget_type=\"heading.default\">\n\t\t\t\t<div class=\"elementor-widget-container\">\n\t\t\t<h2 class=\"elementor-heading-title elementor-size-default\">Futuro<\/h2>\t\t<\/div>\n\t\t\t\t<\/div>\n\t\t\t\t<div class=\"elementor-element elementor-element-fdd94e0 elementor-widget elementor-widget-text-editor\" data-id=\"fdd94e0\" data-element_type=\"widget\" data-widget_type=\"text-editor.default\">\n\t\t\t\t<div class=\"elementor-widget-container\">\n\t\t\t\t\t\t\t<p>\u00daltimamente hemos invertido en la adquisici\u00f3n de terrenos industriales en la comarca de la Anoia, donde en un futuro ofreceremos soluciones y servicios adaptables a cada momento a nuestros clientes.<\/p>\n<p>En un mundo cambiante, din\u00e1mico y globalizado, las empresas de servicios somos las primeras que debemos adaptarnos a los cambios y cumplir con las demandas de nuestros clientes.<\/p>\n<p>Una perfecta simbiosis que asegura la perdurabilidad y rentabilidad tanto del cliente como el de TRANS-VISA, y la satisfacci\u00f3n de una entrega a destino en condiciones y con los plazos acordados.<\/p>\n<p>Para nosotros es un reto conseguir mantener a nuestros clientes, de esta manera nuestra empresa ha perdurado, y seguimos trabajando despu\u00e9s de casi 70 a\u00f1os.<\/p>\n\t\t\t\t\t\t<\/div>\n\t\t\t\t<\/div>\n\t\t\t\t\t<\/div>\n\t\t<\/div>\n\t\t\t\t\t<\/div>\n\t\t<\/section>\n\t\t\t\t<\/div>\n\t\t","protected":false},"excerpt":{"rendered":"<p>Quienes somos Pasado TRANS-VISA naci\u00f3 en los alrededores de 1960 como consecuencia de la fusi\u00f3n de dos empresas vinculadas al transporte: Transportes Vizcarra, existente desde los a\u00f1os 20 y especializada en el servicio de transporte por ferrocarril, y Transportes Bartomeu Sala, que hac\u00eda transportes por carretera. Es de esta fusi\u00f3n de donde proviene el nombre [&hellip;]<\/p>\n","protected":false},"author":1,"featured_media":0,"parent":0,"menu_order":0,"comment_status":"closed","ping_status":"closed","template":"","meta":{"footnotes":""},"class_list":["post-423","page","type-page","status-publish","hentry"],"_links":{"self":[{"href":"https:\/\/transvisa.es\/es\/wp-json\/wp\/v2\/pages\/423","targetHints":{"allow":["GET"]}}],"collection":[{"href":"https:\/\/transvisa.es\/es\/wp-json\/wp\/v2\/pages"}],"about":[{"href":"https:\/\/transvisa.es\/es\/wp-json\/wp\/v2\/types\/page"}],"author":[{"embeddable":true,"href":"https:\/\/transvisa.es\/es\/wp-json\/wp\/v2\/users\/1"}],"replies":[{"embeddable":true,"href":"https:\/\/transvisa.es\/es\/wp-json\/wp\/v2\/comments?post=423"}],"version-history":[{"count":1,"href":"https:\/\/transvisa.es\/es\/wp-json\/wp\/v2\/pages\/423\/revisions"}],"predecessor-version":[{"id":424,"href":"https:\/\/transvisa.es\/es\/wp-json\/wp\/v2\/pages\/423\/revisions\/424"}],"wp:attachment":[{"href":"https:\/\/transvisa.es\/es\/wp-json\/wp\/v2\/media?parent=423"}],"curies":[{"name":"wp","href":"https:\/\/api.w.org\/{rel}","templated":true}]}}